{"id":141,"date":"2015-04-02T10:01:35","date_gmt":"2015-04-02T07:01:35","guid":{"rendered":"http:\/\/lasteaed.tostamaa.ee\/?page_id=141"},"modified":"2015-04-02T10:09:10","modified_gmt":"2015-04-02T07:09:10","slug":"laps-tuleb-lasteaeda","status":"publish","type":"page","link":"http:\/\/lasteaed.tostamaa.ee\/?page_id=141","title":{"rendered":"Laps tuleb lasteaeda"},"content":{"rendered":"<p>Aita oma lapsel kohaneda<\/p>\n<p>1.     TUTVU EELNEVALT LASTEASUTUSEGA.<\/p>\n<p>a)    informatsiooni saamiseks p\u00f6\u00f6rdu lasteaia juhataja ja \u00f5petajate poole.<\/p>\n<p>b)    K\u00fclasta v\u00f5imaluse korral lasteaeda.<\/p>\n<p>c)     Tutvu r\u00fchma p\u00e4evakava ja tegevustega.<\/p>\n<p>2.     TUTVUSTA LAST JUBA AEGSASTI UUE OLUKORRAGA.<\/p>\n<p>a)    R\u00e4\u00e4gi talle lasteaiast, uutest m\u00e4ngukaaslastest, toredatest m\u00e4ngudest  ja tegevustest lasteaias.<\/p>\n<p>b)    Jaluta lapsega lasteaia l\u00e4heduses.<\/p>\n<p>c)     Lepi kokku v\u00f5imalus m\u00e4ngida m\u00f5nikord koos lapsega lasteaia m\u00e4nguv\u00e4ljakul, liivakastis.<\/p>\n<p>d)     V\u00f5imalda lapsel m\u00e4ngida ja suhelda palju oma eakaaslastega.<\/p>\n<p>3.     HARJUTA LAST KODUS JUBA AEGSASTI UUE REZIIMIGA.<\/p>\n<p>a)    J\u00fclgi, et lapse elukorraldus kodus oleks regulaarne ja kindla r\u00fctmiga.<\/p>\n<p>b)    Hoolitse selle eest, et lapse l\u00f5unauinak kodus toimuks 13.00 \u2013 15.00.<\/p>\n<p>4.     TOETA LAPSE V\u00d5IMET ISESEISVALT TEGUTSEDA.<\/p>\n<p>a)    Lase lapsel teha k\u00f5ike, milleks ta on iseseisvalt suuteline.<\/p>\n<p>b)    Lase lapsel kogeda, et ta saab mitmete asjadega ise h\u00e4sti hakkama.<\/p>\n<p>c)     M\u00e4rka ja kiida lapse edusamme.<\/p>\n<p>5.     \u00d5PETA JUBA AEGSASTI LAST<\/p>\n<p>a)    Iseseisvalt lusikaga s\u00f6\u00f6ma.<\/p>\n<p>b)    Iseseisvalt riietuma.<\/p>\n<p>c)     Iseseisvalt k\u00e4si ning n\u00e4gu pesema ja kuivatama.<\/p>\n<p>d)    Potil k\u00e4ima.<\/p>\n<p>e)     Enda j\u00e4rel m\u00e4nguasju \u00e4ra panema.<\/p>\n<p>6.     V\u00d5\u00d5RUTA JUBA AEGSASTI LAPSEL<\/p>\n<p>a)    Lutipudelist joomine uinumisel.<\/p>\n<p>b)    Harjumus uinuda s\u00fcles v\u00f5i kiigutades.<\/p>\n<p>c)     Rinnapiimaga toitmine.<\/p>\n<p>d)    Harjumus m\u00e4ngida s\u00f6\u00f6gi ajal v\u00f5i v\u00f5tta m\u00e4nguasjad s\u00f6\u00f6gilauda kaasa.<\/p>\n<p>e)     Harjumus lahkuda s\u00f6\u00f6gi ajal lauast ja siis uuesti tagasi tulla.<\/p>\n<p>7.     VARU AEGA JA KANNATUST.<\/p>\n<p>a)    Planeeri lasteaiaga harjutamise aeg nii, et ei peaks ise t\u00f6\u00f6le kiirustama.<\/p>\n<p>b)    Arvesta v\u00f5imalusega, et laps v\u00f5ib sind vajada algul r\u00fchmas enda k\u00f5rval.<\/p>\n<p>c)     V\u00f5imalusel j\u00e4ta laps lasteaias magama alles siis, kui ta on p\u00e4eva esimese poolega juba t\u00e4iesti kohanenud.<\/p>\n<p>d)    Lapse p\u00e4ev ei tohiks algul lasteaias olla v\u00e4ga pikk, v\u00f5imalusel planeeri ka n\u00e4dala sees lapsele puhkep\u00e4ev.<\/p>\n<p>e)     Ravi laps alati t\u00e4iesti terveks ja alles siis vii ta uuesti lasteaeda \u2013 organism on siis tugevam ja uutele haigustele v\u00e4hem vastuv\u00f5tlikum.<\/p>\n","protected":false},"excerpt":{"rendered":"<p>Aita oma lapsel kohaneda 1. TUTVU EELNEVALT LASTEASUTUSEGA. a) informatsiooni saamiseks p\u00f6\u00f6rdu lasteaia juhataja ja \u00f5petajate poole. b) K\u00fclasta v\u00f5imaluse korral lasteaeda. c) Tutvu r\u00fchma p\u00e4evakava ja tegevustega. 2. TUTVUSTA LAST JUBA AEGSASTI UUE OLUKORRAGA. a) R\u00e4\u00e4gi talle lasteaiast, uutest m\u00e4ngukaaslastest, toredatest m\u00e4ngudest ja tegevustest lasteaias. b) Jaluta lapsega lasteaia l\u00e4heduses. c) Lepi kokku v\u00f5imalus [&hellip;]<\/p>\n","protected":false},"author":1,"featured_media":0,"parent":2,"menu_order":0,"comment_status":"closed","ping_status":"open","template":"","meta":{"footnotes":""},"class_list":["post-141","page","type-page","status-publish","hentry"],"_links":{"self":[{"href":"http:\/\/lasteaed.tostamaa.ee\/index.php?rest_route=\/wp\/v2\/pages\/141","targetHints":{"allow":["GET"]}}],"collection":[{"href":"http:\/\/lasteaed.tostamaa.ee\/index.php?rest_route=\/wp\/v2\/pages"}],"about":[{"href":"http:\/\/lasteaed.tostamaa.ee\/index.php?rest_route=\/wp\/v2\/types\/page"}],"author":[{"embeddable":true,"href":"http:\/\/lasteaed.tostamaa.ee\/index.php?rest_route=\/wp\/v2\/users\/1"}],"replies":[{"embeddable":true,"href":"http:\/\/lasteaed.tostamaa.ee\/index.php?rest_route=%2Fwp%2Fv2%2Fcomments&post=141"}],"version-history":[{"count":2,"href":"http:\/\/lasteaed.tostamaa.ee\/index.php?rest_route=\/wp\/v2\/pages\/141\/revisions"}],"predecessor-version":[{"id":146,"href":"http:\/\/lasteaed.tostamaa.ee\/index.php?rest_route=\/wp\/v2\/pages\/141\/revisions\/146"}],"up":[{"embeddable":true,"href":"http:\/\/lasteaed.tostamaa.ee\/index.php?rest_route=\/wp\/v2\/pages\/2"}],"wp:attachment":[{"href":"http:\/\/lasteaed.tostamaa.ee\/index.php?rest_route=%2Fwp%2Fv2%2Fmedia&parent=141"}],"curies":[{"name":"wp","href":"https:\/\/api.w.org\/{rel}","templated":true}]}}