{"id":67,"date":"2015-04-01T12:13:43","date_gmt":"2015-04-01T09:13:43","guid":{"rendered":"http:\/\/lasteaed.tostamaa.ee\/?page_id=67"},"modified":"2019-09-25T13:44:41","modified_gmt":"2019-09-25T10:44:41","slug":"dokumendid","status":"publish","type":"page","link":"http:\/\/lasteaed.tostamaa.ee\/?page_id=67","title":{"rendered":"Dokumendid"},"content":{"rendered":"<p><strong>Isikuandmete t\u00f6\u00f6tlemine T\u00f5stamaa Lasteaias<\/strong><\/p>\n<p>&nbsp;<\/p>\n<ol>\n<li><strong>\u00dclds\u00e4tted<\/strong><\/li>\n<\/ol>\n<p>1.1 Vastutava t\u00f6\u00f6tleja nimi ja aadress:<\/p>\n<p>Vastutav t\u00f6\u00f6tleja isikuandmete kaitset reguleerivate \u00a0\u00f5igusaktide t\u00e4henduses\u00a0 on T\u00f5stamaa Lasteaed (edaspidi Lasteaed).<\/p>\n<p>Varbla mnt 24, T\u00f5stamaa alevik, P\u00e4rnu linn, P\u00e4rnumaa 88101<br \/>\nTel: 44 96144<br \/>\nE-post: lasteaed@tostamaa.ee<\/p>\n<p>1.2 Lasteaed juhindub isikuandmete t\u00f6\u00f6tlemisel kehtivatest isikuandmete t\u00f6\u00f6tlemist reguleerivatest \u00f5igusnormidest.<\/p>\n<p>1.3 Isikuandmeteks loetakse k\u00f5iki andmeid tuvastatud v\u00f5i tuvastatava f\u00fc\u00fcsilise isiku kohta, mis v\u00e4ljendavad isiku f\u00fc\u00fcsilisi, ps\u00fc\u00fchilisi, f\u00fcsioloogilisi, majanduslikke, kultuurilisi v\u00f5i sotsiaalseid omadusi, suhteid ja kuuluvust. Isikuandmete t\u00f6\u00f6tlemiseks on iga isikuandmetega tehtav toiming nagu kogumine, kasutamine, edastamine, salvestamine, korrastamine, s\u00e4ilitamine, muutmine, avalikustamine, kustutamine, andmetele juurdep\u00e4\u00e4su v\u00f5imaldamine, p\u00e4ringute ja v\u00e4ljav\u00f5tete tegemine.<\/p>\n<p>1.4 Lasteaed t\u00f6\u00f6tleb isikuandmeid ainult siis, kui selleks on \u00f5iguslik alus.<\/p>\n<p>Lasteaed t\u00f6\u00f6tleb andmeid \u00fcldjuhul \u00f5igusaktidest tuleneva avalikes huvides oleva \u00fclesande t\u00e4itmiseks, juriidilise kohustuse t\u00e4itmiseks, eluliste huvide kaitseks v\u00f5i andmesubjektiga s\u00f5lmitud lepingu t\u00e4itmiseks. Kui isikuandmeid ei t\u00f6\u00f6delda eelnimetatud alustel, k\u00fcsib Lasteaed andmesubjektilt n\u00f5usoleku isikuandmete t\u00f6\u00f6tlemiseks. Lasteaed teavitab andmesubjekti isikuandmete t\u00f6\u00f6tlemise tingimustest.<\/p>\n<p>1.5 Kui Lasteaed soovib j\u00e4tkata isikuandmete t\u00f6\u00f6tlemist mingil muul eesm\u00e4rgil, kui see eesm\u00e4rk, mille saavutamiseks neid esmalt t\u00f6\u00f6deldi, edastab ta andmesubjektile eelnevalt teabe isikuandmete t\u00f6\u00f6tlemise eesm\u00e4rgi kohta.<\/p>\n<p>1.6 Lasteaed ei jaga isikuandmeid kolmandate isikutega, v\u00e4lja arvatud juhul, kui seda n\u00f5uavad \u00f5igusaktid v\u00f5i kui see on vajalik lapsehoiuteenusega seotud tugiteenuse osutamiseks. M\u00f5ningatel juhtudel v\u00f5ib Lasteaed isikuandmete t\u00f6\u00f6tlemiseks kasutada lepingupartnerit, kes teeb isikuandmete t\u00f6\u00f6tlemise toiminguid lepinguliste kohustuste t\u00e4itmiseks (n\u00e4iteks andmete s\u00e4ilitamine lepingupartneri serveris).<\/p>\n<p>&nbsp;<\/p>\n<ol start=\"2\">\n<li><strong>Peamised Lasteaia poolt t\u00f6\u00f6deldavad isikuandmed<\/strong><\/li>\n<\/ol>\n<p>&nbsp;<\/p>\n<p>2.1. <a href=\"https:\/\/www.ut.ee\/et\/andmekaitsetingimused\"><strong>Lapse ja lapsevanema isikuandmed<\/strong><\/a><\/p>\n<p>2.1.1. Lapse\u00a0 isikuandmete t\u00f6\u00f6tlemise \u00f5iguslikuks aluseks on Lasteaia juriidiline kohustus, avalikes huvides oleva \u00fclesande t\u00e4itmine (lapsehoiuteenuse osutamine), eluliste huvide kaitse v\u00f5i lapsevanema n\u00f5usolek.<\/p>\n<p>2.1.2. \u00a0Lasteaed t\u00f6\u00f6tleb allj\u00e4rgnevaid lapse ja lapsevanema isikuandmeid:<\/p>\n<p>2.1.2.1. ees- ja perekonnanimi; s\u00fcnniaeg; isikukood; kodune keel, laste arv peres, millises lasteaias k\u00e4ivad pere teised lapsed, lapse\u00a0 elukoht rahvastikuregistri andmete kohaselt ja tegelikkuses; lapsevanema nimi, isikukood ja kontaktandmed. Andmete t\u00f6\u00f6tlemine on vajalik eelk\u00f5ige lapse ja lapsevanema isiku tuvastamiseks ja lapsehoiuteenuse osutamiseks.<\/p>\n<p>Kontaktandmeid kasutab Lasteaed selleks, et saata teavet lapsevanemale lapse ja Lasteaia tegevuse kohta (nagu \u00fcritused, lapsevanemate koosolekud jm.).<\/p>\n<p>2.1.2.2.\u00a0 foto, audio ja videosalvestis, lapse loomet\u00f6\u00f6. T\u00f6\u00f6tlemise \u00f5iguslik alus on avaliku \u00fclesande t\u00e4itmine ja lapsevanema n\u00f5usolek.\u00a0 T\u00f6\u00f6tlemise eesm\u00e4rk on lapse arengu hindamine ja Lasteaia tegevuste kajastamine \u00a0(\u00fcritused, kasvatustegevused); lapse tunnustamine Lasteaia infokanalites (hea tulemus \u00fcritusel, oskused jm.), lasteaia ajaloo j\u00e4\u00e4dvustamine.<\/p>\n<p>2.1.2.3. eriliigilised isikuandmed, mis on vajalikud lapse elu ja tervise kaitseks ning turvalise kasvukeskkonna loomiseks Lasteaias (n\u00e4iteks erin\u00f5uded toitlustuse osas; ravimite kasutamisel; piirangud osalemisel \u00fcritustel jm.). Andmete t\u00f6\u00f6tlemise \u00f5iguslikuks aluseks on eluliste huvide kaitse ja lapsevanema n\u00f5usolek. Lasteaed v\u00f5ib edastada neid andmeid kolmandatele isikutele (n\u00e4iteks toitlustaja), kes aitavad eelnimetatud eesm\u00e4rke\u00a0 saavutada.<\/p>\n<p>&nbsp;<\/p>\n<p>2.2. <a href=\"https:\/\/www.ut.ee\/et\/andmekaitsetingimused\"><strong>Kirjavahetus<\/strong><\/a><strong>, p\u00f6\u00f6rdumised<\/strong><\/p>\n<p>&nbsp;<\/p>\n<p>2.2.1. Lasteaed registreerib oma dokumendiregistris Lasteaia tegevuse k\u00e4igus koostatud ja saadud dokumendid, mis v\u00f5ivad sisaldada isikuandmeid. \u00a0Isikuandmeid v\u00f5ivad sisaldada\u00a0 isikute v\u00f5i asutuste poolt saadetud kirjad nagu avaldused, teaben\u00f5uded, p\u00f6\u00f6rdumised, j\u00e4relep\u00e4rimised jms.<\/p>\n<p>2.2.2. Isikuandmeid sisaldavatele dokumentidele on Lasteaed kehtestanud juurdep\u00e4\u00e4supiirangu \u00f5igusaktide n\u00f5uetest l\u00e4htudes. \u00a0\u00a0Juurdep\u00e4\u00e4supiiranguga isikuandmeid sisaldavaid dokumente edastab Lasteaed ainult sellistele kolmandatele isikutele, kellel esineb nende saamiseks seaduslik alus.<\/p>\n<p>2.2.3. Isikuandmeid kasutatakse p\u00e4ringutele vastamiseks. Kui selleks tuleb teha j\u00e4relep\u00e4rimine kolmandale isikule, avaldatakse isikuandmeid minimaalses mahus. Isiku kirjavahetusega tutvumiseks esitatud teaben\u00f5ude korral otsustab Lasteaed, kas dokumenti saab osaliselt v\u00f5i t\u00e4ielikult v\u00e4lja anda. V\u00e4lja antavale dokumendile \u00a0ei j\u00e4eta isiku kontaktandmeid. Muudel juhtudel s\u00f5ltub juurdep\u00e4\u00e4su piiramine dokumendi sisust.<\/p>\n<p>2.2.4. Lasteaiale adresseeritud p\u00f6\u00f6rdumised ja kirjad s\u00e4ilitatakse vastavalt Lasteaia teabehalduskorrale. S\u00e4ilitust\u00e4htaja \u00fcletanud dokumendid h\u00e4vitatakse.<\/p>\n<p>&nbsp;<\/p>\n<p><strong>2.3. <\/strong><a href=\"https:\/\/www.ut.ee\/et\/andmekaitsetingimused\"><strong>T\u00f6\u00f6le kandideeriva isiku isikuandmed<\/strong><\/a><\/p>\n<p><strong>\u00a0<\/strong><\/p>\n<p>2.3.1. T\u00f6\u00f6le kandideerimisega seotud dokumendid (n\u00e4iteks kandideerimisavaldus koos lisatud dokumentidega, kirjavahetus kandidaadiga) sisaldavad isikuandmeid. Lasteaed t\u00f6\u00f6tleb kandidaadi j\u00e4rgmisi isikuandmeid:<\/p>\n<p>2.3.1.1. isiku ees- ja perekonnanimi; isikukood; \u00a0e-posti aadress, telefoninumber ja postiaadress. Nimetatud isikuandmete t\u00f6\u00f6tlemise eesm\u00e4rgiks on isiku tuvastamine ja temaga kontakteerumisv\u00f5imaluse loomine;<\/p>\n<p>2.3.1.2. Muud andmed, mis on vajalikud t\u00f6\u00f6le sobivuse ja p\u00e4devuse hindamiseks nagu andmed \u00a0hariduse, t\u00f6\u00f6kogemuse \u00a0ja t\u00e4iend\u00f5ppe kohta.<\/p>\n<p>2.3.2.\u00a0 T\u00f6\u00f6le kandideeriva isiku \u00a0isikuandmed on juurdep\u00e4\u00e4supiiranguga info. T\u00f6\u00f6kohale kandideerimise dokumentidega tutvuvad\u00a0 ainult t\u00f6\u00f6lev\u00f5tmist korraldavad isikud. Nimetatud dokumentides sisalduvaid \u00a0isikuandmeid ei avaldata kolmandale isikule, v.a. \u00f5igusaktis etten\u00e4htud\u00a0 erijuhtudel.<\/p>\n<p>2.3.3. T\u00f6\u00f6kohale kandideerimiseks n\u00f5utud teabe esitamisel eeldab Lasteaed, et kandidaat n\u00f5ustub \u00a0oma isikuandmete t\u00f6\u00f6tlemisega t\u00f6\u00f6lev\u00f5tmise otsustamisel . Lasteaed eeldab, et isikuga, keda kandidaat on nimetanud enda soovitajana, v\u00f5ib suhelda ilma luba k\u00fcsimata.<\/p>\n<p>2.3.4. \u00c4ra\u00fctleva otsuse tegemisel\u00a0 s\u00e4ilitab Lasteaed kandideerimise dokumente Lasteaia teabehalduskorras s\u00e4testatud t\u00e4htajani.<\/p>\n<p>&nbsp;<\/p>\n<p><strong>2.4. <\/strong><a href=\"https:\/\/www.ut.ee\/et\/andmekaitsetingimused\"><strong>Lasteaia t\u00f6\u00f6taja isikuandmed<\/strong><\/a><\/p>\n<p>2.4.1. Lasteaed t\u00f6\u00f6tleb \u00f5igusaktidest tulenevate kohustuste ning \u00a0t\u00f6\u00f6lepingu\u00a0 t\u00e4itmisel j\u00e4rgmisi Lasteaia t\u00f6\u00f6taja isikuandmeid:<\/p>\n<p>2.4.1.1. t\u00f6\u00f6taja ees- ja perekonnanimi, isikukood, kontaktandmed (nagu postiaadress, e-post, telefoninumber);<\/p>\n<p>2.4.1.2. t\u00f6\u00f6taja finantsalased andmed nagu pangakonto t\u00f6\u00f6tasu maksmiseks;<\/p>\n<p>2.4.1.3. t\u00f6\u00f6taja perekondlikud ja sotsiaalsed andmed nagu laste olemasolu, kaitsev\u00e4ekohustuslaste registris olek;<\/p>\n<p>2.4.1.4. \u00a0t\u00f6\u00f6suhtega seotud andmed nagu andmed t\u00f6\u00f6taja kvalifikatsiooni ja t\u00e4iend\u00f5ppe kohta;<\/p>\n<p>2.4.1.5. t\u00f6\u00f6taja terviseseisundit puudutavad\u00a0 andmed nagu teave \u00a0ajutise v\u00f5i p\u00fcsiva t\u00f6\u00f6v\u00f5imetuse kohta; tervisekontrolli andmed \u00a0jm.<\/p>\n<p>Nimetatud isikuandmete t\u00f6\u00f6tlemine on vajalik isikuga t\u00f6\u00f6lepingu s\u00f5lmimiseks ja selle t\u00e4itmiseks.<\/p>\n<p>&nbsp;<\/p>\n<p>2.5. \u00a0<strong>Foto- ja videomaterjal<\/strong><\/p>\n<p>2.5.1. Lasteaed j\u00e4\u00e4dvustab foto- ja videomaterjalidel Lasteaia elu olulisemaid s\u00fcndmusi (\u00f5ppetegevus, aktused, spordi\u00fcritused jm.). \u00a0Lasteaia veebilehel v\u00f5i muudes infokanalites avalikustatud andmetele p\u00e4\u00e4sevad ligi k\u00f5ik isikud, kes kasutavad vastavat infoallikat. \u00a0Lasteaed on foto- ja videomaterjali j\u00e4\u00e4dvustamisel tekkivate isikuandmete (nagu isiku kujutis, h\u00e4\u00e4l jm.) vastutav t\u00f6\u00f6tleja.<\/p>\n<p>2.5.2. Avalikus kohas n\u00f5uetekohaselt j\u00e4\u00e4dvustatud heli- v\u00f5i pildimaterjali v\u00f5ib Lasteaed ilma isiku n\u00f5usolekut k\u00fcsimata kasutada sotsiaalmeedias ja muudel infokandjatel.<\/p>\n<p>2.5.3. Lasteaed s\u00e4ilitab ajaloolis-kultuurilisest eesm\u00e4rgist l\u00e4htudes foto- ja videomaterjali t\u00e4htajatult.<\/p>\n<p>&nbsp;<\/p>\n<p><strong>\u00a0<\/strong><\/p>\n<p>&nbsp;<\/p>\n<ol start=\"3\">\n<li><strong>Andmesubjekti \u00f5igused<\/strong><\/li>\n<\/ol>\n<p>&nbsp;<\/p>\n<ul>\n<li>Andmesubjektiks on f\u00fc\u00fcsiline isik, kelle isikuandmeid t\u00f6\u00f6deldakse. Andmesubjektil on \u00f5igus:<\/li>\n<\/ul>\n<p>3.1.1. \u00a0saada teavet, milliseid tema v\u00f5i esindatava lapse isikuandmeid Lasteaed t\u00f6\u00f6tleb \u00a0ja tutvuda kogutud isikuandmetega. Samuti saada teavet selle kohta, kui kaua Lasteaed andmeid s\u00e4ilitab ning kellele ja mis ulatuses avaldab. \u00d5igust isikuandmetega tutvuda v\u00f5ivad piirata \u00f5igusaktid v\u00f5i teiste isikute privaatsuse tagamiseks seatud \u00f5igused;<\/p>\n<ul>\n<li>n\u00f5uda, et Lasteaed kustutaks isikuandmed, mille t\u00f6\u00f6tlemiseks puudub \u00f5iguslik alus (sh. n\u00f5usoleku tagasiv\u00f5tmine) v\u00f5i kui andmete s\u00e4ilitust\u00e4htaeg on m\u00f6\u00f6dunud ja neid ei pea arhiveerima;<\/li>\n<li>n\u00f5uda enda v\u00f5i esindatava lapse kohta kogutud puudulike v\u00f5i eba\u00f5igete isikuandmete parandamist v\u00f5i t\u00e4iendamist, arvestades kehtivatest \u00f5igusaktidest tulenevaid piiranguid ja andmete t\u00f6\u00f6tlemisega seotud \u00f5igusi;<\/li>\n<li>v\u00f5tta igal ajal tagasi isikuandmete t\u00f6\u00f6tlemiseks antud n\u00f5usolek. Tagasiv\u00f5tmine ei m\u00f5juta enne n\u00f5usoleku tagasiv\u00f5tmist toimunud andmet\u00f6\u00f6tluse seaduslikkust. N\u00f5usoleku tagasiv\u00f5tmisel on \u00f5igus taotleda oma isikuandmete kustutamist. See \u00f5igus ei kohaldu, kui isikuandmeid, mida palutakse kustutada, t\u00f6\u00f6deldakse lisaks ka muul \u00f5iguslikul alusel nagu juriidilise kohustuse v\u00f5i avaliku \u00fclesande t\u00e4itmiseks.\u00a0 N\u00f5usoleku tagasiv\u00f5tmiseks esitab andmesubjekt avalduse Lasteaiale. Lasteaed l\u00f5petab isikuandmete t\u00f6\u00f6tlemise viivitamatult p\u00e4rast andmesubjekti n\u00f5usoleku tagasiv\u00f5tmisest teada saamisest.<\/li>\n<li>esitada vastuv\u00e4iteid oma isikuandmete t\u00f6\u00f6tlemisele ning n\u00f5uda Lasteaialt isikuandmete t\u00f6\u00f6tlemise piiramist seni, kuni kontrollitakse isikuandmete t\u00f6\u00f6tlemise kohta esitanud vastuv\u00e4ite p\u00f5hjendatust, \u00a0v\u00e4lja arvatud juhul, kui andmeid on vaja t\u00f6\u00f6delda juriidilise kohustuse t\u00e4itmiseks v\u00f5i avaliku huviga seotud \u00a0\u00fclesande t\u00e4itmiseks;<\/li>\n<li>\u00f5igus p\u00f6\u00f6rduda oma \u00f5iguste kaitsmiseks p\u00e4deva asutuse poole. Kui andmesubjekt\u00a0 leiab, et andmete t\u00f6\u00f6tlemisel on rikutud tema v\u00f5i lapse \u00f5igusi, on tal \u00f5igus p\u00f6\u00f6rduda \u00f5iguste kaitseks Andmekaitse Inspektsiooni (e-post\u00a0<a href=\"mailto:info@aki.ee\">info@aki.ee<\/a>, tel 627 4135), elu- v\u00f5i t\u00f6\u00f6kohaj\u00e4rgse p\u00e4deva j\u00e4relevalveasutuse poole, samuti<\/li>\n<\/ul>\n<ul>\n<li>Lasteaed v\u00f5ib andmesubjekti p\u00e4ringu saamise korral paluda t\u00e4psustada isikuandmete t\u00f6\u00f6tlemise P\u00e4ringule vastab Lasteaed\u00a0 30 p\u00e4eva jooksul. Kui selgub, et p\u00e4ringule vastamiseks on vaja\u00a0 lisaaega arvestades p\u00e4ringule vastamise keerukust ja taotletavate andmete mahtu, v\u00f5ib Lasteaed pikendada vastamise t\u00e4htaega kuni 60 p\u00e4eva v\u00f5rra. Lasteaed teavitab andmesubjekti vastamise t\u00e4htaja pikendamisest ja viivituse p\u00f5hjustest 30 p\u00e4eva jooksul alates p\u00e4ringu saamisest. Kui Lasteaed keeldub p\u00e4ringule vastamisest, \u00a0siis selgitab ta keeldumise aluseid ja p\u00f5hjuseid.\u00a0 T\u00f6\u00f6deldavate isikuandmete koopia v\u00e4ljastatakse andmesubjektile tasuta. Lisakoopiate v\u00e4ljastamise eest v\u00f5ib Lasteaed k\u00fcsida m\u00f5istlikku tasu halduskulude katteks.<\/li>\n<\/ul>\n<p>&nbsp;<\/p>\n<ol start=\"4\">\n<li><strong> Turvameetmed<\/strong><\/li>\n<\/ol>\n<p>4.1. Lasteaed peab isikuandmete kaitsmist v\u00e4ga oluliseks ning tagab kohalduva \u00f5iguse raames isikuandmete konfidentsiaalsuse.\u00a0\u00a0 Lasteaed kaitseb kogutud isikuandmeid lubamatu ja eesm\u00e4rgita kasutamise, avalikuks tuleku v\u00f5i h\u00e4vimise eest, rakendades selleks asjakohaseid tehnilisi ja korralduslike \u00a0meetmeid.<\/p>\n<p>4.2. Lasteaias on juurdep\u00e4\u00e4s isikuandmetele isikutel, kes vajavad\u00a0 neid andmeid oma<\/p>\n<p>t\u00f6\u00f6\u00fclesannete t\u00e4itmiseks. Andmetele juurdep\u00e4\u00e4su omavad isikud \u00a0on kohustatud isikuandmete t\u00f6\u00f6tlemisel t\u00e4itma k\u00f5iki \u00f5igusaktidest tulenevaid andmekaitsereegleid ning kasutama turvameetmeid.<\/p>\n<p><strong>\u00a0<\/strong><\/p>\n<ol start=\"5\">\n<li><strong> Isikuandmete avalikustamise p\u00f5him\u00f5tted<\/strong><\/li>\n<\/ol>\n<p>5.1. Isikuandmed on m\u00f5eldud Lasteaia siseseks kasutamiseks ning isikuandmeid sisaldavatele<\/p>\n<p>dokumentidele seatakse juurdep\u00e4\u00e4supiirang \u00a0seaduse alusel.<\/p>\n<p>5.2. Lasteaed ei avalikusta isikuandmeid, kui seda ei kohusta\u00a0 \u00f5igusakt.<\/p>\n<p>5.3. Lasteaia t\u00f6\u00f6korraldusega rakendatakse meetmeid, et isikuandmete t\u00f6\u00f6tlemisel riivataks v\u00f5imalikult v\u00e4he isikute eraelu puutumatust.<\/p>\n<p>5.4. Isikuandmeid sisaldava dokumendi v\u00e4ljastamisel kolmandale isikule muudetakse dokumendis sisalduvad isikuandmed loetamatuks, v\u00e4lja arvatud juhul, kui andmed v\u00e4ljastatakse isikule, kellel on \u00f5igusaktist tulenev \u00f5igus neid v\u00e4lja n\u00f5uda.<\/p>\n<p><strong>\u00a0<\/strong><\/p>\n<ol start=\"6\">\n<li><strong> Andmete s\u00e4ilitamine<\/strong><\/li>\n<\/ol>\n<p>6.1. Lasteaed ei kasuta ega s\u00e4ilita isikuandmeid kauem, kui on vajalik \u00f5igusaktist tuleneva \u00fclesande t\u00e4itmiseks v\u00f5i lepingu t\u00e4itmiseks.<\/p>\n<p>6.2. \u00a0Lasteaed s\u00e4ilitab andmeid:<\/p>\n<p>6.2.1 dokumendi seaduses \u00a0v\u00f5i Lasteaia teabehalduskorras s\u00e4testatud s\u00e4ilitust\u00e4htaja m\u00f6\u00f6dumiseni v\u00f5i<\/p>\n<p>6.2.2\u00a0 seadusest tuleneva \u00fclesande t\u00e4itmiseks vajaliku aja m\u00f6\u00f6dumiseni v\u00f5i<\/p>\n<p>6.2.3 \u00a0seadusest tuleneva n\u00f5ude aegumist\u00e4htaja m\u00f6\u00f6dumiseni v\u00f5i<\/p>\n<p>6.2.4. poolte kokkuleppe t\u00e4itmiseks vajaliku aja m\u00f6\u00f6dumiseni.<\/p>\n<p>6.3. \u00a0Andmeid, millel ei ole arhiiviv\u00e4\u00e4rtust, t\u00f6\u00f6tleb Lasteaed s\u00e4ilitust\u00e4htaja m\u00f6\u00f6dumiseni.<\/p>\n<p>Arhiiviv\u00e4\u00e4rtuslikud andmed annab Lasteaed \u00fcle avalikku arhiivi ning l\u00f5petab ise andmete t\u00f6\u00f6tlemise.<\/p>\n<p><strong>\u00a0<\/strong><\/p>\n<ol start=\"7\">\n<li><strong> Andmekaitsespetsialist ja andmekaitse kontaktisik<\/strong><\/li>\n<\/ol>\n<p>&nbsp;<\/p>\n<p>7.1. P\u00e4rnu linnavalitsuse \u00a0andmekaitsespetsialisti\u00a0\u00fclesandeid t\u00e4idab Siret Lilleleht , kellega saab \u00fchendust v\u00f5tta e-posti aadressil <a href=\"mailto:siret.lilleleht@parnu.ee\">siret.lilleleht@parnu.ee<\/a>. Andmekaitsespetsialist koordineerib andmekaitsen\u00f5uete t\u00e4itmist P\u00e4rnu linnavalitsuse hallatavates asutustes.<\/p>\n<p>&nbsp;<\/p>\n<p>7.2. K\u00f5igi isikuandmete t\u00f6\u00f6tlemise ja andmesubjekti \u00f5igustega seotud k\u00fcsimustega on andmesubjektil v\u00f5imalik p\u00f6\u00f6rduda Lasteaia andmekaitse kontaktisiku Kadi Adler`i poole e-posti aadressil\u00a0lasteaed@tostamaa.ee<\/p>\n<p>Lasteaia andmekaitse kontaktisiku \u00fclesanne on koordineerida Lasteaia\u00a0 andmekaitsek\u00fcsimuste lahendamist.<\/p>\n<p>&nbsp;<\/p>\n","protected":false},"excerpt":{"rendered":"<p>Isikuandmete t\u00f6\u00f6tlemine T\u00f5stamaa Lasteaias &nbsp; \u00dclds\u00e4tted 1.1 Vastutava t\u00f6\u00f6tleja nimi ja aadress: Vastutav t\u00f6\u00f6tleja isikuandmete kaitset reguleerivate \u00a0\u00f5igusaktide t\u00e4henduses\u00a0 on T\u00f5stamaa Lasteaed (edaspidi Lasteaed). Varbla mnt 24, T\u00f5stamaa alevik, P\u00e4rnu linn, P\u00e4rnumaa 88101 Tel: 44 96144 E-post: lasteaed@tostamaa.ee 1.2 Lasteaed juhindub isikuandmete t\u00f6\u00f6tlemisel kehtivatest isikuandmete t\u00f6\u00f6tlemist reguleerivatest \u00f5igusnormidest. 1.3 Isikuandmeteks loetakse k\u00f5iki andmeid tuvastatud v\u00f5i [&hellip;]<\/p>\n","protected":false},"author":1,"featured_media":0,"parent":0,"menu_order":3,"comment_status":"closed","ping_status":"open","template":"","meta":{"footnotes":""},"class_list":["post-67","page","type-page","status-publish","hentry"],"_links":{"self":[{"href":"http:\/\/lasteaed.tostamaa.ee\/index.php?rest_route=\/wp\/v2\/pages\/67","targetHints":{"allow":["GET"]}}],"collection":[{"href":"http:\/\/lasteaed.tostamaa.ee\/index.php?rest_route=\/wp\/v2\/pages"}],"about":[{"href":"http:\/\/lasteaed.tostamaa.ee\/index.php?rest_route=\/wp\/v2\/types\/page"}],"author":[{"embeddable":true,"href":"http:\/\/lasteaed.tostamaa.ee\/index.php?rest_route=\/wp\/v2\/users\/1"}],"replies":[{"embeddable":true,"href":"http:\/\/lasteaed.tostamaa.ee\/index.php?rest_route=%2Fwp%2Fv2%2Fcomments&post=67"}],"version-history":[{"count":5,"href":"http:\/\/lasteaed.tostamaa.ee\/index.php?rest_route=\/wp\/v2\/pages\/67\/revisions"}],"predecessor-version":[{"id":883,"href":"http:\/\/lasteaed.tostamaa.ee\/index.php?rest_route=\/wp\/v2\/pages\/67\/revisions\/883"}],"wp:attachment":[{"href":"http:\/\/lasteaed.tostamaa.ee\/index.php?rest_route=%2Fwp%2Fv2%2Fmedia&parent=67"}],"curies":[{"name":"wp","href":"https:\/\/api.w.org\/{rel}","templated":true}]}}