{"id":70,"date":"2015-04-01T12:19:16","date_gmt":"2015-04-01T09:19:16","guid":{"rendered":"http:\/\/lasteaed.tostamaa.ee\/?page_id=70"},"modified":"2025-01-30T14:55:52","modified_gmt":"2025-01-30T12:55:52","slug":"personal","status":"publish","type":"page","link":"http:\/\/lasteaed.tostamaa.ee\/?page_id=70","title":{"rendered":"Personal"},"content":{"rendered":"<p><strong>\u00d5petajad:<\/strong><\/p>\n<p>T\u00e4her\u00fchm<\/p>\n<p>Aidi Lellsar<\/p>\n<p>Sirli V\u00e4\u00e4ra<\/p>\n<p>Kuur\u00fchm:<\/p>\n<p>Kristina Oidj\u00e4rv<\/p>\n<p>Tiina Meister<\/p>\n<p>Rutt Alpius<\/p>\n<p>P\u00e4ikeser\u00fchm:<\/p>\n<p>Aita Lind<\/p>\n<p>Lembe Veskim\u00e4gi<\/p>\n<p>Linda Anderson<\/p>\n<p><strong>Muusika\u00f5petaja<\/strong>:<\/p>\n<p>Katri J\u00e4rg<\/p>\n<p><strong>Liikumis\u00f5petaja:<\/strong><\/p>\n<p>Sirli V\u00e4\u00e4ra<\/p>\n<p><strong>Eripedagoog:<\/strong><\/p>\n<p>Triin Tamme<\/p>\n<p><strong>Kokk<\/strong><\/p>\n<p>Merle Palberg<\/p>\n<p><strong>Direktor:<\/strong><\/p>\n<p>Kadi Adler<\/p>\n","protected":false},"excerpt":{"rendered":"<p>\u00d5petajad: T\u00e4her\u00fchm Aidi Lellsar Sirli V\u00e4\u00e4ra Kuur\u00fchm: Kristina Oidj\u00e4rv Tiina Meister Rutt Alpius P\u00e4ikeser\u00fchm: Aita Lind Lembe Veskim\u00e4gi Linda Anderson Muusika\u00f5petaja: Katri J\u00e4rg Liikumis\u00f5petaja: Sirli V\u00e4\u00e4ra Eripedagoog: Triin Tamme Kokk Merle Palberg Direktor: Kadi Adler<\/p>\n","protected":false},"author":1,"featured_media":0,"parent":65,"menu_order":0,"comment_status":"closed","ping_status":"open","template":"","meta":{"footnotes":""},"class_list":["post-70","page","type-page","status-publish","hentry"],"_links":{"self":[{"href":"http:\/\/lasteaed.tostamaa.ee\/index.php?rest_route=\/wp\/v2\/pages\/70","targetHints":{"allow":["GET"]}}],"collection":[{"href":"http:\/\/lasteaed.tostamaa.ee\/index.php?rest_route=\/wp\/v2\/pages"}],"about":[{"href":"http:\/\/lasteaed.tostamaa.ee\/index.php?rest_route=\/wp\/v2\/types\/page"}],"author":[{"embeddable":true,"href":"http:\/\/lasteaed.tostamaa.ee\/index.php?rest_route=\/wp\/v2\/users\/1"}],"replies":[{"embeddable":true,"href":"http:\/\/lasteaed.tostamaa.ee\/index.php?rest_route=%2Fwp%2Fv2%2Fcomments&post=70"}],"version-history":[{"count":5,"href":"http:\/\/lasteaed.tostamaa.ee\/index.php?rest_route=\/wp\/v2\/pages\/70\/revisions"}],"predecessor-version":[{"id":1146,"href":"http:\/\/lasteaed.tostamaa.ee\/index.php?rest_route=\/wp\/v2\/pages\/70\/revisions\/1146"}],"up":[{"embeddable":true,"href":"http:\/\/lasteaed.tostamaa.ee\/index.php?rest_route=\/wp\/v2\/pages\/65"}],"wp:attachment":[{"href":"http:\/\/lasteaed.tostamaa.ee\/index.php?rest_route=%2Fwp%2Fv2%2Fmedia&parent=70"}],"curies":[{"name":"wp","href":"https:\/\/api.w.org\/{rel}","templated":true}]}}