{"id":74,"date":"2015-04-01T12:25:13","date_gmt":"2015-04-01T09:25:13","guid":{"rendered":"http:\/\/lasteaed.tostamaa.ee\/?page_id=74"},"modified":"2025-01-30T14:54:39","modified_gmt":"2025-01-30T12:54:39","slug":"hoolekogu","status":"publish","type":"page","link":"http:\/\/lasteaed.tostamaa.ee\/?page_id=74","title":{"rendered":"Hoolekogu"},"content":{"rendered":"<p class=\"align-justify\"><strong>Hoolekogu\u00a0<\/strong><\/p>\n<p class=\"align-justify\">Hoolekogu on alaliselt tegutsev organ, kelle \u00fclesanne on j\u00e4lgida, et \u00f5ppe- ja kasvatustegevus vastaks laste arengule ja huvidele ning teha selle suunalist koost\u00f6\u00f6d lasteasutuse personaliga.<\/p>\n<p class=\"align-justify\">Lasteasutuse hoolekogusse kuuluvad \u00f5petajate esindaja, m\u00f5lema r\u00fchma vanemate esindaja ja valla esindaja. Oma t\u00f6\u00f6 korraldamiseks valib hoolekogu oma liikmete hulgast esimehe ja tema aset\u00e4itja. Hoolekogu t\u00f6\u00f6vorm on koosolek, mis toimub v\u00e4hemalt \u00fcks kord kvartalis hoolekogu esimehe v\u00f5i direktori ettepanekul. Hoolekogul on \u00f5igus saada direktorilt ning vallavalitsuselt oma t\u00f6\u00f6ks vajalikku informatsiooni.<\/p>\n<p>Hoolekogu:<\/p>\n<ul>\n<li>kuulab \u00e4ra direktori aruande lasteaia \u00f5ppe- ja kasvatustegevusest ning majandamisest;<\/li>\n<li>annab direktorile ja vallavalitsusele soovitusi lasteaia eelarve koostamisel ja eelarvevahendite otstarbekaks kasutamiseks;<\/li>\n<li>teeb direktorile ja vallavalitsusele ettepanekuid lastele soodsa arengukeskkonna tagamiseks;<\/li>\n<li>osaleb oma esindaja (esindajate) kaudu direktori vaba ametikoha t\u00e4itmiseks korraldatud konkursi\u00a0 t\u00f6\u00f6s;<\/li>\n<li>osaleb lapse toidukulu p\u00e4evamaksumuse m\u00e4\u00e4ramises;<\/li>\n<li>teeb ettepanekuid lasteaia \u00f5ppekava heakskiitmise kohta;<\/li>\n<li>teeb ettepanekuid vallavalitsusele lasteaia aastaringse v\u00f5i hooajalise tegutsemise kohta;<\/li>\n<li>teeb ettepanekuid vallavalitsusele lasteaia p\u00e4evase lahtioleku aja kohta;<\/li>\n<li>otsustab teisi koolieelse lasteasutuse seaduse v\u00f5i vallavolikogu otsusega hoolekogu p\u00e4devusse antud k\u00fcsimusi.<\/li>\n<\/ul>\n<p><strong>2024-2025 \u00f5ppeaasta hoolekogu:<\/strong><\/p>\n<p>K\u00e4rol P\u00f5der(T\u00e4her\u00fchma esindaja)<\/p>\n<p>Silva-Astrid Kalbach\u00a0(Kuur\u00fchma esindaja)<\/p>\n<p>Merilin Lumpre (P\u00e4ikeser\u00fchma esindaja)<\/p>\n<p>Lembe Veskim\u00e4gi (\u00f5petajate esindaja)<\/p>\n<p>Toomas R\u00f5hu (omavalitsuse esindaja)<\/p>\n","protected":false},"excerpt":{"rendered":"<p>Hoolekogu\u00a0 Hoolekogu on alaliselt tegutsev organ, kelle \u00fclesanne on j\u00e4lgida, et \u00f5ppe- ja kasvatustegevus vastaks laste arengule ja huvidele ning teha selle suunalist koost\u00f6\u00f6d lasteasutuse personaliga. Lasteasutuse hoolekogusse kuuluvad \u00f5petajate esindaja, m\u00f5lema r\u00fchma vanemate esindaja ja valla esindaja. Oma t\u00f6\u00f6 korraldamiseks valib hoolekogu oma liikmete hulgast esimehe ja tema aset\u00e4itja. Hoolekogu t\u00f6\u00f6vorm on koosolek, mis [&hellip;]<\/p>\n","protected":false},"author":1,"featured_media":0,"parent":65,"menu_order":0,"comment_status":"closed","ping_status":"open","template":"","meta":{"footnotes":""},"class_list":["post-74","page","type-page","status-publish","hentry"],"_links":{"self":[{"href":"http:\/\/lasteaed.tostamaa.ee\/index.php?rest_route=\/wp\/v2\/pages\/74","targetHints":{"allow":["GET"]}}],"collection":[{"href":"http:\/\/lasteaed.tostamaa.ee\/index.php?rest_route=\/wp\/v2\/pages"}],"about":[{"href":"http:\/\/lasteaed.tostamaa.ee\/index.php?rest_route=\/wp\/v2\/types\/page"}],"author":[{"embeddable":true,"href":"http:\/\/lasteaed.tostamaa.ee\/index.php?rest_route=\/wp\/v2\/users\/1"}],"replies":[{"embeddable":true,"href":"http:\/\/lasteaed.tostamaa.ee\/index.php?rest_route=%2Fwp%2Fv2%2Fcomments&post=74"}],"version-history":[{"count":5,"href":"http:\/\/lasteaed.tostamaa.ee\/index.php?rest_route=\/wp\/v2\/pages\/74\/revisions"}],"predecessor-version":[{"id":1145,"href":"http:\/\/lasteaed.tostamaa.ee\/index.php?rest_route=\/wp\/v2\/pages\/74\/revisions\/1145"}],"up":[{"embeddable":true,"href":"http:\/\/lasteaed.tostamaa.ee\/index.php?rest_route=\/wp\/v2\/pages\/65"}],"wp:attachment":[{"href":"http:\/\/lasteaed.tostamaa.ee\/index.php?rest_route=%2Fwp%2Fv2%2Fmedia&parent=74"}],"curies":[{"name":"wp","href":"https:\/\/api.w.org\/{rel}","templated":true}]}}