{"id":84,"date":"2015-04-01T13:08:50","date_gmt":"2015-04-01T10:08:50","guid":{"rendered":"http:\/\/lasteaed.tostamaa.ee\/?page_id=84"},"modified":"2024-04-22T12:31:04","modified_gmt":"2024-04-22T09:31:04","slug":"lasteaia-kohatasu","status":"publish","type":"page","link":"http:\/\/lasteaed.tostamaa.ee\/?page_id=84","title":{"rendered":"Lasteaia kohatasu ja toiduraha"},"content":{"rendered":"<p><a href=\"https:\/\/www.riigiteataja.ee\/akt\/428062022003\" target=\"_blank\" rel=\"noopener\">Koolieelsete lasteasutuste kulude vanemate poolt kaetav m\u00e4\u00e4r<\/a><\/p>\n<p>Vastavalt P\u00e4rnu Linnavolikogu 16. juuni 2022 m\u00e4\u00e4rusele nr 11<\/p>\n<p>(1) Vanema poolt kaetava kohatasu baasm\u00e4\u00e4r on 9,7% eelneval kalendriaastal kehtinud Vabariigi Valitsuse poolt kehtestatud palga alamm\u00e4\u00e4rast kuus. Tegelik kohatasu kujuneb baasm\u00e4\u00e4ra ja koefitsiendi korrutisena ja \u00fcmardatakse euro t\u00e4psusega.<\/p>\n<p>(2) Koefitsiendid s\u00f5ltuvad lasteaia asukohast ja erisustest ning on j\u00e4rgmised:<br \/>\n1) P\u00e4rnu linna ujulata lasteaiad, P\u00e4rnu linna ujulaga lasteaiad (juuni \u2013 august), Audru Lasteaed, Paikuse Lasteaed koefitsient 1,0;<br \/>\n2) P\u00e4rnu linna ujulaga lasteaiad (jaanuarist kuni maini ja septembrist kuni detsembrini) koefitsient 1,25;<br \/>\n3) Lindi Lasteaed-Algkool ja J\u00f5\u00f5pre Kooli lasteaiad koefitsient 0,8;<br \/>\n4) <strong>T\u00f5stamaa Lasteaed koefitsient 0,6.<\/strong><\/p>\n<p>Aastal 2024 on kohatasu 42.-<\/p>\n<p>T\u00f5stamaa Lasteaias on toidup\u00e4eva maksumus 2.-.<\/p>\n<p>Hommikus\u00f6\u00f6k 0,5 eurot, l\u00f5unas\u00f6\u00f6k 1. euro ja oode 0,5 eurot.<\/p>\n","protected":false},"excerpt":{"rendered":"<p>Koolieelsete lasteasutuste kulude vanemate poolt kaetav m\u00e4\u00e4r Vastavalt P\u00e4rnu Linnavolikogu 16. juuni 2022 m\u00e4\u00e4rusele nr 11 (1) Vanema poolt kaetava kohatasu baasm\u00e4\u00e4r on 9,7% eelneval kalendriaastal kehtinud Vabariigi Valitsuse poolt kehtestatud palga alamm\u00e4\u00e4rast kuus. Tegelik kohatasu kujuneb baasm\u00e4\u00e4ra ja koefitsiendi korrutisena ja \u00fcmardatakse euro t\u00e4psusega. (2) Koefitsiendid s\u00f5ltuvad lasteaia asukohast ja erisustest ning on j\u00e4rgmised: [&hellip;]<\/p>\n","protected":false},"author":1,"featured_media":0,"parent":67,"menu_order":0,"comment_status":"closed","ping_status":"open","template":"","meta":{"footnotes":""},"class_list":["post-84","page","type-page","status-publish","hentry"],"_links":{"self":[{"href":"http:\/\/lasteaed.tostamaa.ee\/index.php?rest_route=\/wp\/v2\/pages\/84","targetHints":{"allow":["GET"]}}],"collection":[{"href":"http:\/\/lasteaed.tostamaa.ee\/index.php?rest_route=\/wp\/v2\/pages"}],"about":[{"href":"http:\/\/lasteaed.tostamaa.ee\/index.php?rest_route=\/wp\/v2\/types\/page"}],"author":[{"embeddable":true,"href":"http:\/\/lasteaed.tostamaa.ee\/index.php?rest_route=\/wp\/v2\/users\/1"}],"replies":[{"embeddable":true,"href":"http:\/\/lasteaed.tostamaa.ee\/index.php?rest_route=%2Fwp%2Fv2%2Fcomments&post=84"}],"version-history":[{"count":5,"href":"http:\/\/lasteaed.tostamaa.ee\/index.php?rest_route=\/wp\/v2\/pages\/84\/revisions"}],"predecessor-version":[{"id":1137,"href":"http:\/\/lasteaed.tostamaa.ee\/index.php?rest_route=\/wp\/v2\/pages\/84\/revisions\/1137"}],"up":[{"embeddable":true,"href":"http:\/\/lasteaed.tostamaa.ee\/index.php?rest_route=\/wp\/v2\/pages\/67"}],"wp:attachment":[{"href":"http:\/\/lasteaed.tostamaa.ee\/index.php?rest_route=%2Fwp%2Fv2%2Fmedia&parent=84"}],"curies":[{"name":"wp","href":"https:\/\/api.w.org\/{rel}","templated":true}]}}