{"id":86,"date":"2015-04-01T13:13:46","date_gmt":"2015-04-01T10:13:46","guid":{"rendered":"http:\/\/lasteaed.tostamaa.ee\/?page_id=86"},"modified":"2025-01-30T14:49:00","modified_gmt":"2025-01-30T12:49:00","slug":"pohimaarus","status":"publish","type":"page","link":"http:\/\/lasteaed.tostamaa.ee\/?page_id=86","title":{"rendered":"P\u00f5him\u00e4\u00e4rus"},"content":{"rendered":"<p>Siit on leitav T\u00f5stamaa Lasteaia p\u00f5him\u00e4\u00e4rus<\/p>\n<p><a href=\"https:\/\/www.riigiteataja.ee\/akt\/406122018047\">https:\/\/www.riigiteataja.ee\/akt\/406122018047<\/a><\/p>\n\n\n<p><\/p>\n","protected":false},"excerpt":{"rendered":"<p>Siit on leitav T\u00f5stamaa Lasteaia p\u00f5him\u00e4\u00e4rus https:\/\/www.riigiteataja.ee\/akt\/406122018047<\/p>\n","protected":false},"author":1,"featured_media":0,"parent":67,"menu_order":0,"comment_status":"closed","ping_status":"open","template":"","meta":{"footnotes":""},"class_list":["post-86","page","type-page","status-publish","hentry"],"_links":{"self":[{"href":"http:\/\/lasteaed.tostamaa.ee\/index.php?rest_route=\/wp\/v2\/pages\/86","targetHints":{"allow":["GET"]}}],"collection":[{"href":"http:\/\/lasteaed.tostamaa.ee\/index.php?rest_route=\/wp\/v2\/pages"}],"about":[{"href":"http:\/\/lasteaed.tostamaa.ee\/index.php?rest_route=\/wp\/v2\/types\/page"}],"author":[{"embeddable":true,"href":"http:\/\/lasteaed.tostamaa.ee\/index.php?rest_route=\/wp\/v2\/users\/1"}],"replies":[{"embeddable":true,"href":"http:\/\/lasteaed.tostamaa.ee\/index.php?rest_route=%2Fwp%2Fv2%2Fcomments&post=86"}],"version-history":[{"count":2,"href":"http:\/\/lasteaed.tostamaa.ee\/index.php?rest_route=\/wp\/v2\/pages\/86\/revisions"}],"predecessor-version":[{"id":1142,"href":"http:\/\/lasteaed.tostamaa.ee\/index.php?rest_route=\/wp\/v2\/pages\/86\/revisions\/1142"}],"up":[{"embeddable":true,"href":"http:\/\/lasteaed.tostamaa.ee\/index.php?rest_route=\/wp\/v2\/pages\/67"}],"wp:attachment":[{"href":"http:\/\/lasteaed.tostamaa.ee\/index.php?rest_route=%2Fwp%2Fv2%2Fmedia&parent=86"}],"curies":[{"name":"wp","href":"https:\/\/api.w.org\/{rel}","templated":true}]}}