{"id":910,"date":"2019-12-04T12:23:35","date_gmt":"2019-12-04T10:23:35","guid":{"rendered":"http:\/\/lasteaed.tostamaa.ee\/?page_id=910"},"modified":"2025-01-30T15:11:15","modified_gmt":"2025-01-30T13:11:15","slug":"tugiteenused","status":"publish","type":"page","link":"http:\/\/lasteaed.tostamaa.ee\/?page_id=910","title":{"rendered":"Tugiteenused"},"content":{"rendered":"<ul>\n<li>\n<div class=\"header-block \">\n<div class=\"header-block__title-block\">\n<h1>Tugiteenused P\u00e4rnu linnas<\/h1>\n<h1><strong style=\"font-size: revert;\">Info P\u00e4rnu ja riiklike keskuste ja toetusv\u00f5imaluste kohta<\/strong><\/h1>\n<\/div>\n<\/div>\n<\/li>\n<li><strong>P\u00e4rnu \u00d5ppen\u00f5ustamiskeskus\u00a0<\/strong>&#8211; teenused on P\u00e4rnu linna elanikele tasuta. T\u00e4psem info ja \u00fclevaade \u00d5ppen\u00f5ustamiskeskuse poolt pakutavatest teenustest asutuse kodulehelt\u00a0<a href=\"https:\/\/onk.parnu.ee\/et\">https:\/\/onk.parnu.ee\/et<\/a><\/li>\n<li><strong>Kontaktid:<\/strong>Tel: +372 54700918E-post: pille.lille@onk.parnu.ee<\/li>\n<li>T\u00f5stamaa Lasteaia lapsi, lapsevanemaid ja lasteaia t\u00f6\u00f6tajaid n\u00f5ustab P\u00e4rnu \u00d5ppen\u00f5ustamiskeskuse spetsialist <strong>Helen N\u00f5mm<\/strong>, kelle poole v\u00f5ite p\u00f6\u00f6rduda, kui:\n<ul>\n<li>teile teeb muret teie lapse k\u00e4itumine;<\/li>\n<li>teie laps ei saa h\u00e4sti aru \u00fcmbritsevatest inimestest;<\/li>\n<li>teie laps ei oska konflikte lahendada.<\/li>\n<\/ul>\n<p>Tel: +372 56203961<\/p>\n<p>E-post:\u00a0<a class=\"link-in-new\" href=\"mailto:helen.nomm@onk.parnu.ee\" target=\"_blank\" rel=\"noopener\">helen.nomm@onk.parnu.ee<\/a><\/li>\n<\/ul>\n<ul>\n<li><strong>Rajaleidja<\/strong><\/li>\n<\/ul>\n<p>Haridus- ja noorteameti<strong> Rajaleidja <\/strong>v\u00f5rgustik\u00a0on \u00fcle-eestiline v\u00f5rgustik, mis pakub tasuta \u00f5ppen\u00f5ustamist lapsi haridusteel toetavatele t\u00e4iskasvanutele \u2013 vanematele, \u00f5petajatele, tugispetsialistidele jt. spetsialistidele.<\/p>\n<p>\u00d5ppen\u00f5ustamise k\u00e4igus selgitavad \u00f5ppen\u00f5ustajad v\u00e4lja lapse \u00f5ppimise v\u00f5i k\u00e4itumisega seotud probleemid, mis takistavad tema edukat haridusteed. N\u00f5ustatakse last \u00fcmbritsevaid t\u00e4iskasvanuid, kuidas lapse arengut ja toimetulekut toetada, \u00f5pet ja kasvatust korraldada ning milliseid tugiteenuseid laps p\u00fcsivalt vajab. Kui \u00f5ppen\u00f5ustamise k\u00e4igus selgub, et lapsele sobiva haridustee korraldamiseks on vaja ametlikku otsust ehk haldusakti (nt lasteaias sobitus- v\u00f5i erir\u00fchma m\u00e4\u00e4ramiseks, koolimineku alguse edasil\u00fckkamiseks, koolis lihtsustatud \u00f5ppe rakendamiseks), siis sellise otsuse teeb lapsevanema taotluse alusel kolmest Rajaleidja tugispetsialistist koosnev\u00a0<strong>kooliv\u00e4line n\u00f5ustamismeeskond<\/strong>.<\/p>\n<p>\u00dclevaade\u00a0<strong>Rajaleidja v\u00f5rgustiku \u00f5ppen\u00f5ustamisteenustest<\/strong>\u00a0on leitav aadressil\u00a0 <a href=\"http:\/\/www.rajaleidja.ee\">www.rajaleidja.ee<\/a><\/p>\n<p>N\u00f5ustamisaja kokkuleppimiseks v\u00f5i lisainfo k\u00fcsimiseks saab helistada<\/p>\n<p>telefonil 735 0700 v\u00f5i kirjutada e-posti aadressil\u00a0<a href=\"mailto:rajaleidja@rajaleidja.ee\">rajaleidja@rajaleidja.ee<\/a><u>.<\/u><\/p>\n<p>N\u00f5ustamisaja broneerimiseks on v\u00f5imalik kasutada ka <a href=\"https:\/\/rajaleidja.innove.ee\/broneeri-aeg\/\">e-broneerimiss\u00fcsteemi<\/a>.<\/p>\n<p>Haridus- ja noorteameti P\u00e4rnu-, Rapla- ja Viljandimaa b\u00fcroo t\u00f6\u00f6tajate kontaktid on leitavad <a href=\"https:\/\/rajaleidja.innove.ee\/keskused\/\">siit<\/a><\/p>\n<p><strong><a href=\"https:\/\/parnu.ee\/linnakodanikule\/haridus\/uldharidus\/oppenoustamine\">N\u00f5ustamisv\u00f5imalused P\u00e4rnu linnas<\/a><\/strong><\/p>\n<p><strong><a href=\"https:\/\/parnu.ee\/failid\/haridus\/trykised\/Infomaterjal_lastevanematele2019.pdf\">Infomaterjal lastevanematele<\/a><\/strong><\/p>\n<p><strong><a href=\"https:\/\/parnu.ee\/failid\/haridus\/Kaasava_hariduse_rakendamise_p6him6tted2019.pdf\">Kaasava hariduse p\u00f5him\u00f5tete rakendamine P\u00e4rnu linna haridusasutustes<\/a><\/strong><\/p>\n<p><a href=\"https:\/\/www.innove.ee\/rajaleidja\/\">Innove Rajaleidja v\u00f5rgustiku \u00f5ppen\u00f5ustamisteenused<\/a><\/p>\n<p><a href=\"https:\/\/www.innove.ee\/organisatsioonist\/kontaktid\/rajaleidja-keskuste-kontaktandmed\/\">Innove Rajaleidja keskuste kontaktid<\/a><\/p>\n","protected":false},"excerpt":{"rendered":"<p>Tugiteenused P\u00e4rnu linnas Info P\u00e4rnu ja riiklike keskuste ja toetusv\u00f5imaluste kohta P\u00e4rnu \u00d5ppen\u00f5ustamiskeskus\u00a0&#8211; teenused on P\u00e4rnu linna elanikele tasuta. T\u00e4psem info ja \u00fclevaade \u00d5ppen\u00f5ustamiskeskuse poolt pakutavatest teenustest asutuse kodulehelt\u00a0https:\/\/onk.parnu.ee\/et Kontaktid:Tel: +372 54700918E-post: pille.lille@onk.parnu.ee T\u00f5stamaa Lasteaia lapsi, lapsevanemaid ja lasteaia t\u00f6\u00f6tajaid n\u00f5ustab P\u00e4rnu \u00d5ppen\u00f5ustamiskeskuse spetsialist Helen N\u00f5mm, kelle poole v\u00f5ite p\u00f6\u00f6rduda, kui: teile teeb muret teie [&hellip;]<\/p>\n","protected":false},"author":1,"featured_media":0,"parent":2,"menu_order":2,"comment_status":"closed","ping_status":"open","template":"","meta":{"footnotes":""},"class_list":["post-910","page","type-page","status-publish","hentry"],"_links":{"self":[{"href":"http:\/\/lasteaed.tostamaa.ee\/index.php?rest_route=\/wp\/v2\/pages\/910","targetHints":{"allow":["GET"]}}],"collection":[{"href":"http:\/\/lasteaed.tostamaa.ee\/index.php?rest_route=\/wp\/v2\/pages"}],"about":[{"href":"http:\/\/lasteaed.tostamaa.ee\/index.php?rest_route=\/wp\/v2\/types\/page"}],"author":[{"embeddable":true,"href":"http:\/\/lasteaed.tostamaa.ee\/index.php?rest_route=\/wp\/v2\/users\/1"}],"replies":[{"embeddable":true,"href":"http:\/\/lasteaed.tostamaa.ee\/index.php?rest_route=%2Fwp%2Fv2%2Fcomments&post=910"}],"version-history":[{"count":5,"href":"http:\/\/lasteaed.tostamaa.ee\/index.php?rest_route=\/wp\/v2\/pages\/910\/revisions"}],"predecessor-version":[{"id":1153,"href":"http:\/\/lasteaed.tostamaa.ee\/index.php?rest_route=\/wp\/v2\/pages\/910\/revisions\/1153"}],"up":[{"embeddable":true,"href":"http:\/\/lasteaed.tostamaa.ee\/index.php?rest_route=\/wp\/v2\/pages\/2"}],"wp:attachment":[{"href":"http:\/\/lasteaed.tostamaa.ee\/index.php?rest_route=%2Fwp%2Fv2%2Fmedia&parent=910"}],"curies":[{"name":"wp","href":"https:\/\/api.w.org\/{rel}","templated":true}]}}